{"id":15,"date":"2015-12-03T20:26:16","date_gmt":"2015-12-03T19:26:16","guid":{"rendered":"http:\/\/pulsing-ks.com\/?page_id=15"},"modified":"2023-07-25T12:02:39","modified_gmt":"2023-07-25T11:02:39","slug":"kontakt","status":"publish","type":"page","link":"https:\/\/pulsing.tech\/en\/kontakt\/","title":{"rendered":"Contact us"},"content":{"rendered":"<p>Feel free to contact us regarding any services or cooperation you might be interested in. We will make sure to respond shortly.<\/p>\n<p><strong>E-mail:<\/strong> <span class=\"text2\"><a href=\"mailto:pulsingks@gmail.com\">pulsingks@gmail.com<\/a><\/span><\/p>\n<p><strong>Tel\/Fax:<\/strong> +381 60 714 0000<\/p>\n<p><strong>Address:<\/strong><\/p>\n<p>Stanoja Milojevi\u0107a \u0160eleta 8<\/p>\n<p>37000 Kru\u0161evac, Serbia<\/p>\n<p>www.pulsing-ks.com<\/p>","protected":false},"excerpt":{"rendered":"<p>Feel free to contact us regarding any services or cooperation you might be interested in. We will make sure to respond shortly. E-mail: pulsingks@gmail.com Tel\/Fax: +381 60 714 0000 Address: Stanoja Milojevi\u0107a \u0160eleta 8 37000 Kru\u0161evac, Serbia www.pulsing-ks.com<\/p>\n","protected":false},"author":1,"featured_media":0,"parent":0,"menu_order":0,"comment_status":"closed","ping_status":"closed","template":"","meta":{"footnotes":""},"class_list":["post-15","page","type-page","status-publish","hentry"],"_links":{"self":[{"href":"https:\/\/pulsing.tech\/en\/wp-json\/wp\/v2\/pages\/15","targetHints":{"allow":["GET"]}}],"collection":[{"href":"https:\/\/pulsing.tech\/en\/wp-json\/wp\/v2\/pages"}],"about":[{"href":"https:\/\/pulsing.tech\/en\/wp-json\/wp\/v2\/types\/page"}],"author":[{"embeddable":true,"href":"https:\/\/pulsing.tech\/en\/wp-json\/wp\/v2\/users\/1"}],"replies":[{"embeddable":true,"href":"https:\/\/pulsing.tech\/en\/wp-json\/wp\/v2\/comments?post=15"}],"version-history":[{"count":6,"href":"https:\/\/pulsing.tech\/en\/wp-json\/wp\/v2\/pages\/15\/revisions"}],"predecessor-version":[{"id":228,"href":"https:\/\/pulsing.tech\/en\/wp-json\/wp\/v2\/pages\/15\/revisions\/228"}],"wp:attachment":[{"href":"https:\/\/pulsing.tech\/en\/wp-json\/wp\/v2\/media?parent=15"}],"curies":[{"name":"wp","href":"https:\/\/api.w.org\/{rel}","templated":true}]}}